{"id":273,"date":"2015-01-14T23:24:27","date_gmt":"2015-01-14T21:24:27","guid":{"rendered":"http:\/\/www.tuootal.fi\/home\/?page_id=273"},"modified":"2015-01-14T23:25:31","modified_gmt":"2015-01-14T21:25:31","slug":"lisaa-luettavaa","status":"publish","type":"page","link":"http:\/\/www.tuootal.fi\/home\/lisaa-luettavaa\/","title":{"rendered":"Lis\u00e4\u00e4 luettavaa&#8230;"},"content":{"rendered":"<p>Outi Lammin ker\u00e4\u00e4m\u00e4 suomalaista tietoty\u00f6t\u00e4 k\u00e4sittelev\u00e4 <a href=\"http:\/\/www.outilammi.fi\/blogi\/2015\/01\/suomalaisia-tietotyoblogeja\/\" target=\"_blank\">blogilista<\/a>.<\/p>\n<p><a href=\"http:\/\/www.mckinsey.com\/client_service\/business_technology\" target=\"_blank\">McKinsey on Business Technology<\/a><\/p>\n","protected":false},"excerpt":{"rendered":"<p>Outi Lammin ker\u00e4\u00e4m\u00e4 suomalaista tietoty\u00f6t\u00e4 k\u00e4sittelev\u00e4 blogilista. McKinsey on Business Technology<\/p>\n","protected":false},"author":3,"featured_media":0,"parent":0,"menu_order":0,"comment_status":"open","ping_status":"closed","template":"","meta":{"jetpack_post_was_ever_published":false,"footnotes":""},"class_list":["post-273","page","type-page","status-publish","hentry"],"jetpack_sharing_enabled":true,"jetpack_shortlink":"https:\/\/wp.me\/P3Xvnz-4p","jetpack-related-posts":[{"id":5,"url":"http:\/\/www.tuootal.fi\/home\/palvelut\/","url_meta":{"origin":273,"position":0},"title":"Yhteystiedot","author":"admin","date":"28.09.2013","format":false,"excerpt":"Alla on yhteydenottolomake jos haluat kommentoida jotain tai kysy\u00e4 lis\u00e4\u00e4. Twitter : @TuoOtal Linkedin : fi.linkedin.com\/in\/otalatuomas S\u00e4hk\u00f6posti : tuomas (at) tuootal.fi Sivustojamme www.iwaru.fi, www.modeldesigns.net. T\u00e4m\u00e4 sivusto esiintyy kahden domainin kautta, www.tuootal.fi ja www.tuomasotala.fi. Joku sanoisi ett\u00e4 t\u00e4h\u00e4n on joku hieno SEO\/SEM-syy, mutta kun ei ole. Alunperin rakensin sivuston tuootal.fi alle,\u2026","rel":"","context":"Similar post","block_context":{"text":"Similar post","link":""},"img":{"alt_text":"","src":"","width":0,"height":0},"classes":[]}],"_links":{"self":[{"href":"http:\/\/www.tuootal.fi\/home\/wp-json\/wp\/v2\/pages\/273","targetHints":{"allow":["GET"]}}],"collection":[{"href":"http:\/\/www.tuootal.fi\/home\/wp-json\/wp\/v2\/pages"}],"about":[{"href":"http:\/\/www.tuootal.fi\/home\/wp-json\/wp\/v2\/types\/page"}],"author":[{"embeddable":true,"href":"http:\/\/www.tuootal.fi\/home\/wp-json\/wp\/v2\/users\/3"}],"replies":[{"embeddable":true,"href":"http:\/\/www.tuootal.fi\/home\/wp-json\/wp\/v2\/comments?post=273"}],"version-history":[{"count":2,"href":"http:\/\/www.tuootal.fi\/home\/wp-json\/wp\/v2\/pages\/273\/revisions"}],"predecessor-version":[{"id":275,"href":"http:\/\/www.tuootal.fi\/home\/wp-json\/wp\/v2\/pages\/273\/revisions\/275"}],"wp:attachment":[{"href":"http:\/\/www.tuootal.fi\/home\/wp-json\/wp\/v2\/media?parent=273"}],"curies":[{"name":"wp","href":"https:\/\/api.w.org\/{rel}","templated":true}]}}