{"id":5,"date":"2013-09-28T09:55:45","date_gmt":"2013-09-28T09:55:45","guid":{"rendered":"http:\/\/www.tuootal.fi\/home\/?page_id=5"},"modified":"2015-12-17T09:21:18","modified_gmt":"2015-12-17T07:21:18","slug":"palvelut","status":"publish","type":"page","link":"http:\/\/www.tuootal.fi\/home\/palvelut\/","title":{"rendered":"Yhteystiedot"},"content":{"rendered":"<p>Alla on yhteydenottolomake jos haluat kommentoida jotain tai kysy\u00e4 lis\u00e4\u00e4.<\/p>\n<p>Twitter : <a href=\"https:\/\/twitter.com\/TuoOtal\" target=\"_blank\">@TuoOtal<\/a><br \/>\nLinkedin : <a title=\"Linkedin-profiili\" href=\"http:\/\/fi.linkedin.com\/in\/otalatuomas\/\" target=\"_blank\">fi.linkedin.com\/in\/otalatuomas<\/a><\/p>\n<p>S\u00e4hk\u00f6posti : tuomas (at) tuootal.fi<br \/>\n<div data-test='contact-form'\n\t\t\tid='contact-form-5'\n\t\t\tclass='jetpack-contact-form-container '\n\t\t\tdata-wp-interactive='jetpack\/form' data-wp-context='{\"formId\":\"5\",\"formHash\":\"e58bef25a90e46e47a1840ab52e2ecc606c5cf4e\",\"showErrors\":false,\"errors\":[],\"fields\":[],\"isMultiStep\":false,\"useAjax\":true,\"submissionData\":null,\"formattedSubmissionData\":[],\"submissionSuccess\":false,\"submissionError\":null,\"elementId\":\"jp-form-e58bef25a90e46e47a1840ab52e2ecc606c5cf4e\",\"isSingleInputForm\":false,\"isForcedHorizontal\":false}'\n\t\t\tdata-wp-watch--scroll-to-wrapper=\"callbacks.scrollToWrapper\"\n\t\t>\n<div class=\"contact-form-submission contact-form-ajax-submission\" data-wp-bind--aria-hidden=\"state.isSuccessMessageAriaHidden\" data-wp-class--submission-success=\"context.submissionSuccess\" id=\"contact-form-success-e58bef25a90e46e47a1840ab52e2ecc606c5cf4e\" tabindex=\"-1\" aria-labelledby=\"contact-form-success-header-e58bef25a90e46e47a1840ab52e2ecc606c5cf4e\"><p class=\"go-back-message\"><a class=\"link\" role=\"button\" tabindex=\"0\" data-wp-on--click=\"actions.goBack\" href=\"\/home\/wp-json\/wp\/v2\/pages\/5\">\u2190 Back<\/a><\/p><h4 data-wp-bind--aria-hidden=\"state.isSuccessMessageAriaHidden\" id=\"contact-form-success-header-e58bef25a90e46e47a1840ab52e2ecc606c5cf4e\">Thank you for your response. \u2728<\/h4>\n\n<template data-wp-each--submission=\"context.formattedSubmissionData\">\n\t\t\t\t\t<div class=\"jetpack_forms_contact-form-success-summary\">\n\t\t\t\t\t\t<div class=\"field-name-wrapper\">\n\t\t\t\t\t\t\t<div class=\"field-type-icon\" data-wp-watch=\"callbacks.watchFieldTypeIcon\"><\/div>\n\t\t\t\t\t\t\t<div class=\"field-name\" data-wp-text=\"context.submission.label\" data-wp-bind--hidden=\"!context.submission.label\"><\/div>\n\t\t\t\t\t\t<\/div>\n\t\t\t\t\t\t<div class=\"field-value\" data-wp-text=\"context.submission.value\" data-wp-bind--hidden=\"!context.submission.showPlainValue\"><\/div>\n\t\t\t\t\t\t<a class=\"field-url\" data-wp-bind--href=\"context.submission.url\" data-wp-text=\"context.submission.value\" data-wp-bind--hidden=\"!context.submission.url\" target=\"_blank\" rel=\"noopener noreferrer\"><\/a>\n\t\t\t\t\t\t<div class=\"field-rating\" data-wp-bind--hidden=\"!context.submission.rating\" data-wp-watch=\"callbacks.watchRatingIcons\"><\/div>\n\t\t\t\t\t\t<div class=\"field-images\" data-wp-bind--hidden=\"!context.submission.images\">\n\t\t\t\t\t\t\t<template data-wp-each--image=\"context.submission.images\">\n\t\t\t\t\t\t\t\t<div class=\"field-image-option\" data-wp-class--is-empty=\"!context.image.src\">\n\t\t\t\t\t\t\t\t\t<figure class=\"field-image-option__image\" data-wp-class--is-empty=\"!context.image.src\">\n\t\t\t\t\t\t\t\t\t\t<img data-wp-bind--src=\"context.image.src\" data-wp-bind--hidden=\"!context.image.src\" \/>\n\t\t\t\t\t\t\t\t\t\t<img decoding=\"async\" src=\"data:image\/gif;base64,R0lGODlhAQABAAD\/ACwAAAAAAQABAAACADs=\" data-wp-bind--hidden=\"context.image.src\" \/>\n\t\t\t\t\t\t\t\t\t<\/figure>\n\t\t\t\t\t\t\t\t\t<div class=\"field-image-option__label-wrapper\">\n\t\t\t\t\t\t\t\t\t\t<span class=\"field-image-option__label-code\" data-wp-text=\"context.image.letterCode\"><\/span>\n\t\t\t\t\t\t\t\t\t\t<span class=\"field-image-option__label\" data-wp-text=\"context.image.label\" data-wp-bind--hidden=\"!context.image.label\"><\/span>\n\t\t\t\t\t\t\t\t\t<\/div>\n\t\t\t\t\t\t\t\t<\/div>\n\t\t\t\t\t\t\t<\/template>\n\t\t\t\t\t\t<\/div>\n\t\t\t\t\t\t<div class=\"field-files\" data-wp-bind--hidden=\"!context.submission.files\">\n\t\t\t\t\t\t\t<template data-wp-each--file=\"context.submission.files\">\n\t\t\t\t\t\t\t\t<div class=\"field-file\">\n\t\t\t\t\t\t\t\t\t<div class=\"field-file__thumbnail\" data-wp-style--background-image=\"context.file.previewUrl\" data-wp-style--mask-image=\"context.file.iconUrl\" data-wp-bind--hidden=\"!context.file.hasPreview\"><\/div>\n\t\t\t\t\t\t\t\t\t<svg class=\"field-file__icon\" data-wp-bind--hidden=\"context.file.hasPreview\" width=\"20\" height=\"20\" viewBox=\"0 0 24 24\" fill=\"none\" xmlns=\"http:\/\/www.w3.org\/2000\/svg\" aria-hidden=\"true\">\n\t\t\t\t\t\t\t\t\t\t<path d=\"M14 2H6C4.9 2 4 2.9 4 4V20C4 21.1 4.89 22 5.99 22H18C19.1 22 20 21.1 20 20V8L14 2ZM18 20H6V4H13V9H18V20Z\" fill=\"currentColor\"\/>\n\t\t\t\t\t\t\t\t\t<\/svg>\n\t\t\t\t\t\t\t\t\t<span class=\"field-file__name\" data-wp-text=\"context.file.name\"><\/span>\n\t\t\t\t\t\t\t\t\t<span class=\"field-file__size\" data-wp-text=\"context.file.size\"><\/span>\n\t\t\t\t\t\t\t\t<\/div>\n\t\t\t\t\t\t\t<\/template>\n\t\t\t\t\t\t<\/div>\n\t\t\t\t\t<\/div>\n\t\t\t\t<\/template><\/div><form action='http:\/\/www.tuootal.fi\/home\/palvelut\/'\n\t\t\t\tid='jp-form-e58bef25a90e46e47a1840ab52e2ecc606c5cf4e'\n\t\t\t\tmethod='post'\n\t\t\t\tclass='contact-form commentsblock jetpack-contact-form__form has-no-jetpack-form-layout' aria-label=\"Yhteystiedot\"\n\t\t\t\tdata-wp-on--submit=\"actions.onFormSubmit\"\n\t\t\t\tdata-wp-on--reset=\"actions.onFormReset\"\n\t\t\t\tdata-wp-class--submission-success=\"context.submissionSuccess\"\n\t\t\t\tdata-wp-class--is-first-step=\"state.isFirstStep\"\n\t\t\t\tdata-wp-class--is-last-step=\"state.isLastStep\"\n\t\t\t\tdata-wp-class--is-ajax-form=\"context.useAjax\"\n\t\t\t\tnovalidate >\n<input type='hidden' name='jetpack_contact_form_jwt' value='eyJ0eXAiOiJKV1QiLCJhbGciOiJIUzI1NiJ9.eyJlbmNyeXB0ZWRfYXR0cmlidXRlcyI6IjM4VjE1NmhCZjByaEJtSE5FUldETVp6ZHQyNjdTWHdmcEs4elFpNU05S0Z3NDNlYVRIajlES3FSWE1DQW9ZWUx2SWwwVTRGYW9vcDZYM1ZIckd6QUQ2VWNDZ3ZYTEdOUWZ4aXRic1NDMm1BZUowMjA0dlNIb0NYTnQwdGxDVWx5Sjg2Tk5SMHJnZDIyTzY0YjhJWWhmMHAvVVVQRnBHZElHWEIrTDhhYUwxUjc0SXJuMGtEdTNwSnkxVHAyOGdRYnRGRjhDZG9rdjkzdlJMSzFjM2VxTkFqM2VxOHRNR3o1Rk1pOVNQNWlpQ3hzWjRLVU1CbzdaVEF0bFFrLzdTeGwrL05YaU9GamlSVG1ReklyS1NWYjNMMmZnUGdOcnN5ZXVOTjFMSEVRdVROQ05WbmJaeEZJa2pDc25oY2tWaGVXbUdDcmtJK1hFSlhZamROTG52UUJyeU1LdUY0RmRtTWZtUG8wMXJTMFpjeDR0Q2ZwYzlhTDl5RjdQSmhHd1gyK1ZhYzNxSW13eDJaaDJ1L01RdDdyR3BuSUZFazJNdFVrcVlJVm1ldnc1d1pMSVFYTzhQRS9vbE5RZkZkb29NWjdTZlhwT3BCZm44bXFuYStvTlRXeEdpeXh0SmJONWNhdnYwNEl6V3IzNGZiZ3NRdHRyMlJjRVR1d3BmNnV1MUZrT2V5c0t2YlJ2OUlGalpXcXMvSUFTb3Q0aVh2UGFoQzNEdVZrRHJSTUVYUTFrM2REelJyUmJsOUNZRVFpcE4rVHFEaEVMVjczeHlQMmtOVFJyOC84QWNQMlUvWkUwWnJZRGRJbGNDYlk5OWF3NnV2QWpXSVFHK09EZVl6ZnBORlZObFZHdTVCOU5yRW91bENMTlUzNkFjd1lMYTlXVHJaQ1dpa3hXbGhmZ05XVFZzSlQwVTVCRVF6Q3hlQ281aVg3dTJTRUZ1bjc1KzNWNEMxSFhqeVdRUjREbDlmNmdTMUJ2NENjb3VLZmZBcWNaN0xoelp3dlhCQ1lJYUt1WmFCdHdLUG91ZlFXRk1oakN3UkcvdWx2V0M2L1lmQStvckxDMDFzVFlvQUQ1ZUtrOWE1TWtyY1EyTTZOdVBNNGw3V0tIVExOVkJYTWhQWWJXRVh0UmUzQkQ5L05YdDd4TVI5dE9BaCtTaTg2cXJGZEpvc3l6N2N0MW9sR3JqTlB2UWxob3pOL1R4U2ZIQ1V0ckRmbTJRWnEiLCJjb250ZW50IjoiW2NvbnRhY3QtZmllbGQgbGFiZWw9J05hbWUnIHR5cGU9J25hbWUnIHJlcXVpcmVkPScxJy9dW2NvbnRhY3QtZmllbGQgbGFiZWw9J0VtYWlsJyB0eXBlPSdlbWFpbCcgcmVxdWlyZWQ9JzEnL11bY29udGFjdC1maWVsZCBsYWJlbD0nQXNpYSAvIEt5c3lteXMgLyBqb3RhaW4gaWhhbiBtdXV0YS4uJyB0eXBlPSd0ZXh0YXJlYScgcmVxdWlyZWQ9JzEnL10iLCJoYXNoIjoiZTU4YmVmMjVhOTBlNDZlNDdhMTg0MGFiNTJlMmVjYzYwNmM1Y2Y0ZSIsInNvdXJjZSI6eyJlbnRyeV90aXRsZSI6IllodGV5c3RpZWRvdCIsImVudHJ5X3BhZ2UiOjEsInNvdXJjZV9pZCI6NSwic291cmNlX3R5cGUiOiJzaW5nbGUiLCJyZXF1ZXN0X3VybCI6Imh0dHA6Ly93d3cudHVvb3RhbC5maS9ob21lL3dwLWpzb24vd3AvdjIvcGFnZXMvNSJ9LCJ2ZXJzaW9uIjoyLCJjaXBoZXIiOiJhZXMtMjU2LWdjbSJ9.66iOXqyX2E5gy3VrNzQ82n68hQrEv8Rrsfzs9Epn0xs' \/>\n\n<div style=\"\"  data-wp-interactive=\"jetpack\/form\" data-wp-context='{\"fieldId\":\"g5-name\",\"fieldType\":\"name\",\"fieldLabel\":\"Name\",\"fieldValue\":\"\",\"fieldPlaceholder\":\"\",\"fieldIsRequired\":\"1\",\"fieldErrorMessage\":\"\",\"fieldExtra\":[],\"formHash\":\"e58bef25a90e46e47a1840ab52e2ecc606c5cf4e\"}'  class='grunion-field-name-wrap grunion-field-wrap'  data-wp-init='callbacks.initializeField' data-wp-on--jetpack-form-reset='callbacks.initializeField' >\n<label\n\t\t\t\tfor='g5-name' class=\"grunion-field-label name\" >Name<span class=\"grunion-label-required\" aria-hidden=\"true\">(required)<\/span><\/label>\n<input\n\t\t\t\t\ttype='text'\n\t\t\t\t\tname='g5-name'\n\t\t\t\t\tid='g5-name'\n\t\t\t\t\tvalue=''\n\n\t\t\t\t\tdata-wp-bind--aria-invalid='state.fieldAriaInvalid'\n\t\t\t\t\tdata-wp-bind--value='state.getFieldValue'\n\t\t\t\t\taria-describedby='g5-name-text-error-message'\n\t\t\t\t\tdata-wp-on--input='actions.onFieldChange'\n\t\t\t\t\tdata-wp-on--blur='actions.onFieldBlur'\n\t\t\t\t\tdata-wp-class--has-value='state.hasFieldValue'\n\n\t\t\t\t\tclass='name  grunion-field' \n\t\t\t\t\trequired='true' aria-required='true'  \/>\n \n\t\t\t<div id=\"g5-name-text-error\" class=\"contact-form__input-error\" data-wp-class--has-errors=\"state.fieldHasErrors\">\n\t\t\t\t<span class=\"contact-form__warning-icon\" aria-hidden=\"true\">\n\t\t\t\t\t<svg width=\"16\" height=\"16\" viewBox=\"0 0 16 16\" fill=\"none\" xmlns=\"http:\/\/www.w3.org\/2000\/svg\">\n\t\t\t\t\t\t<path d=\"M8.50015 11.6402H7.50015V10.6402H8.50015V11.6402Z\" \/>\n\t\t\t\t\t\t<path d=\"M7.50015 9.64018H8.50015V6.30684H7.50015V9.64018Z\" \/>\n\t\t\t\t\t\t<path fill-rule=\"evenodd\" clip-rule=\"evenodd\" d=\"M6.98331 3.0947C7.42933 2.30177 8.57096 2.30177 9.01698 3.09469L13.8771 11.7349C14.3145 12.5126 13.7525 13.4735 12.8602 13.4735H3.14004C2.24774 13.4735 1.68575 12.5126 2.12321 11.7349L6.98331 3.0947ZM8.14541 3.58496C8.08169 3.47168 7.9186 3.47168 7.85488 3.58496L2.99478 12.2251C2.93229 12.3362 3.01257 12.4735 3.14004 12.4735H12.8602C12.9877 12.4735 13.068 12.3362 13.0055 12.2251L8.14541 3.58496Z\" \/>\n\t\t\t\t\t<\/svg>\n\t\t\t\t<\/span>\n\t\t\t\t<span data-wp-text=\"state.errorMessage\" id=\"g5-name-text-error-message\"><\/span>\n\t\t\t<\/div> \n\t<\/div>\n\n<div style=\"\"  data-wp-interactive=\"jetpack\/form\" data-wp-context='{\"fieldId\":\"g5-email\",\"fieldType\":\"email\",\"fieldLabel\":\"Email\",\"fieldValue\":\"\",\"fieldPlaceholder\":\"\",\"fieldIsRequired\":\"1\",\"fieldErrorMessage\":\"\",\"fieldExtra\":[],\"formHash\":\"e58bef25a90e46e47a1840ab52e2ecc606c5cf4e\"}'  class='grunion-field-email-wrap grunion-field-wrap'  data-wp-init='callbacks.initializeField' data-wp-on--jetpack-form-reset='callbacks.initializeField' >\n<label\n\t\t\t\tfor='g5-email' class=\"grunion-field-label email\" >Email<span class=\"grunion-label-required\" aria-hidden=\"true\">(required)<\/span><\/label>\n<input\n\t\t\t\t\ttype='email'\n\t\t\t\t\tname='g5-email'\n\t\t\t\t\tid='g5-email'\n\t\t\t\t\tvalue=''\n\n\t\t\t\t\tdata-wp-bind--aria-invalid='state.fieldAriaInvalid'\n\t\t\t\t\tdata-wp-bind--value='state.getFieldValue'\n\t\t\t\t\taria-describedby='g5-email-email-error-message'\n\t\t\t\t\tdata-wp-on--input='actions.onFieldChange'\n\t\t\t\t\tdata-wp-on--blur='actions.onFieldBlur'\n\t\t\t\t\tdata-wp-class--has-value='state.hasFieldValue'\n\n\t\t\t\t\tclass='email  grunion-field' \n\t\t\t\t\trequired='true' aria-required='true'  \/>\n \n\t\t\t<div id=\"g5-email-email-error\" class=\"contact-form__input-error\" data-wp-class--has-errors=\"state.fieldHasErrors\">\n\t\t\t\t<span class=\"contact-form__warning-icon\" aria-hidden=\"true\">\n\t\t\t\t\t<svg width=\"16\" height=\"16\" viewBox=\"0 0 16 16\" fill=\"none\" xmlns=\"http:\/\/www.w3.org\/2000\/svg\">\n\t\t\t\t\t\t<path d=\"M8.50015 11.6402H7.50015V10.6402H8.50015V11.6402Z\" \/>\n\t\t\t\t\t\t<path d=\"M7.50015 9.64018H8.50015V6.30684H7.50015V9.64018Z\" \/>\n\t\t\t\t\t\t<path fill-rule=\"evenodd\" clip-rule=\"evenodd\" d=\"M6.98331 3.0947C7.42933 2.30177 8.57096 2.30177 9.01698 3.09469L13.8771 11.7349C14.3145 12.5126 13.7525 13.4735 12.8602 13.4735H3.14004C2.24774 13.4735 1.68575 12.5126 2.12321 11.7349L6.98331 3.0947ZM8.14541 3.58496C8.08169 3.47168 7.9186 3.47168 7.85488 3.58496L2.99478 12.2251C2.93229 12.3362 3.01257 12.4735 3.14004 12.4735H12.8602C12.9877 12.4735 13.068 12.3362 13.0055 12.2251L8.14541 3.58496Z\" \/>\n\t\t\t\t\t<\/svg>\n\t\t\t\t<\/span>\n\t\t\t\t<span data-wp-text=\"state.errorMessage\" id=\"g5-email-email-error-message\"><\/span>\n\t\t\t<\/div> \n\t<\/div>\n\n<div style=\"\"  data-wp-interactive=\"jetpack\/form\" data-wp-context='{\"fieldId\":\"g5-asiakysymysjotainihanmuuta\",\"fieldType\":\"textarea\",\"fieldLabel\":\"Asia \\\/ Kysymys \\\/ jotain ihan muuta..\",\"fieldValue\":\"\",\"fieldPlaceholder\":\"\",\"fieldIsRequired\":\"1\",\"fieldErrorMessage\":\"\",\"fieldExtra\":[],\"formHash\":\"e58bef25a90e46e47a1840ab52e2ecc606c5cf4e\"}'  class='grunion-field-textarea-wrap grunion-field-wrap'  data-wp-init='callbacks.initializeField' data-wp-on--jetpack-form-reset='callbacks.initializeField' >\n<label\n\t\t\t\tfor='contact-form-comment-g5-asiakysymysjotainihanmuuta' class=\"grunion-field-label textarea\" >Asia \/ Kysymys \/ jotain ihan muuta..<span class=\"grunion-label-required\" aria-hidden=\"true\">(required)<\/span><\/label>\n<textarea\n\t\t                style=''\n\t\t                name='g5-asiakysymysjotainihanmuuta'\n\t\t                id='contact-form-comment-g5-asiakysymysjotainihanmuuta'\n\t\t                rows='20'\n\t\t\t\t\t\tdata-wp-text='state.getFieldValue'\n\t\t\t\t\t\tdata-wp-on--input='actions.onFieldChange'\n\t\t\t\t\t\tdata-wp-on--blur='actions.onFieldBlur'\n\t\t\t\t\t\tdata-wp-class--has-value='state.hasFieldValue'\n\t\t\t\t\t\taria-describedby='g5-asiakysymysjotainihanmuuta-textarea-error-message'\n\t\t\t\t\t\tdata-wp-bind--aria-invalid='state.fieldAriaInvalid'\n\t\t\t\t\t\tclass='textarea  grunion-field'  required aria-required='true'><\/textarea>\n \n\t\t\t<div id=\"g5-asiakysymysjotainihanmuuta-textarea-error\" class=\"contact-form__input-error\" data-wp-class--has-errors=\"state.fieldHasErrors\">\n\t\t\t\t<span class=\"contact-form__warning-icon\" aria-hidden=\"true\">\n\t\t\t\t\t<svg width=\"16\" height=\"16\" viewBox=\"0 0 16 16\" fill=\"none\" xmlns=\"http:\/\/www.w3.org\/2000\/svg\">\n\t\t\t\t\t\t<path d=\"M8.50015 11.6402H7.50015V10.6402H8.50015V11.6402Z\" \/>\n\t\t\t\t\t\t<path d=\"M7.50015 9.64018H8.50015V6.30684H7.50015V9.64018Z\" \/>\n\t\t\t\t\t\t<path fill-rule=\"evenodd\" clip-rule=\"evenodd\" d=\"M6.98331 3.0947C7.42933 2.30177 8.57096 2.30177 9.01698 3.09469L13.8771 11.7349C14.3145 12.5126 13.7525 13.4735 12.8602 13.4735H3.14004C2.24774 13.4735 1.68575 12.5126 2.12321 11.7349L6.98331 3.0947ZM8.14541 3.58496C8.08169 3.47168 7.9186 3.47168 7.85488 3.58496L2.99478 12.2251C2.93229 12.3362 3.01257 12.4735 3.14004 12.4735H12.8602C12.9877 12.4735 13.068 12.3362 13.0055 12.2251L8.14541 3.58496Z\" \/>\n\t\t\t\t\t<\/svg>\n\t\t\t\t<\/span>\n\t\t\t\t<span data-wp-text=\"state.errorMessage\" id=\"g5-asiakysymysjotainihanmuuta-textarea-error-message\"><\/span>\n\t\t\t<\/div>\n\t<\/div>\n\t<p class='contact-submit'>\n<div class=\"contact-form__error\" data-wp-class--show-errors=\"state.showFormErrors\"><span class=\"contact-form__warning-icon\" aria-hidden=\"true\"><i><\/i><\/span><span class=\"contact-form__error-message\" tabindex=\"-1\" data-wp-watch=\"callbacks.focusOnValidationError\" data-wp-text=\"state.getFormErrorMessage\"><\/span><ul aria-label=\"Form errors\">\n\t\t\t\t<template data-wp-each=\"state.getErrorList\" data-wp-key=\"context.item.id\">\n\t\t\t\t\t<li><a data-wp-bind--href=\"context.item.anchor\" data-wp-on--click=\"actions.scrollIntoView\" data-wp-text=\"context.item.label\"><\/a><\/li>\n\t\t\t\t<\/template>\n\t\t\t\t<\/ul><\/div><div class=\"contact-form__error\" data-wp-class--show-errors=\"state.showSubmissionError\" data-wp-text=\"context.submissionError\" tabindex=\"-1\" data-wp-watch=\"callbacks.focusOnSubmissionError\"><\/div>\t\t<button type='submit' class='pushbutton-wide'>Submit<\/button>\t\t<input type='hidden' name='contact-form-id' value='5' \/>\n\t\t<input type='hidden' name='action' value='grunion-contact-form' \/>\n\t\t<input type='hidden' name='contact-form-hash' value='e58bef25a90e46e47a1840ab52e2ecc606c5cf4e' \/>\n\t<\/p>\n<p style=\"display: none !important;\" class=\"akismet-fields-container\" data-prefix=\"ak_\"><label>&#916;<textarea name=\"ak_hp_textarea\" cols=\"45\" rows=\"8\" maxlength=\"100\"><\/textarea><\/label><input type=\"hidden\" id=\"ak_js_1\" name=\"ak_js\" value=\"133\"\/><script>document.getElementById( \"ak_js_1\" ).setAttribute( \"value\", ( new Date() ).getTime() );<\/script><\/p><\/form>\n<\/div><\/p>\n<p>Sivustojamme <a title=\"harrastusyritykseni sivut\" href=\"http:\/\/www.iwaru.fi\" target=\"_blank\">www.iwaru.fi<\/a>, <a title=\"Toinen blogini, liittyy harrastusyritykseeni\" href=\"http:\/\/www.modeldesigns.net\" target=\"_blank\">www.modeldesigns.net<\/a>.<\/p>\n<p>T\u00e4m\u00e4 sivusto esiintyy kahden domainin kautta, <a href=\"http:\/\/www.tuootal.fi\">www.tuootal.fi<\/a> ja <a href=\"http:\/\/www.tuomasotala.fi\">www.tuomasotala.fi<\/a>. Joku sanoisi ett\u00e4 t\u00e4h\u00e4n on joku hieno SEO\/SEM-syy, mutta kun ei ole. Alunperin rakensin sivuston tuootal.fi alle, mutta my\u00f6hemmin p\u00e4\u00e4dyin siihen ett\u00e4 tuomasotala.fi on kuitenkin fiksumpi. No, molempi parempi vaikkei olekaan :).<\/p>\n","protected":false},"excerpt":{"rendered":"<p>Alla on yhteydenottolomake jos haluat kommentoida jotain tai kysy\u00e4 lis\u00e4\u00e4. Twitter : @TuoOtal Linkedin : fi.linkedin.com\/in\/otalatuomas S\u00e4hk\u00f6posti : tuomas (at) tuootal.fi Sivustojamme www.iwaru.fi, www.modeldesigns.net. T\u00e4m\u00e4 sivusto esiintyy kahden domainin kautta, www.tuootal.fi ja www.tuomasotala.fi. Joku sanoisi ett\u00e4 t\u00e4h\u00e4n on joku hieno SEO\/SEM-syy, mutta kun ei ole. Alunperin rakensin sivuston tuootal.fi alle, mutta my\u00f6hemmin p\u00e4\u00e4dyin siihen ett\u00e4 [&hellip;]<\/p>\n","protected":false},"author":1,"featured_media":0,"parent":0,"menu_order":0,"comment_status":"open","ping_status":"open","template":"","meta":{"jetpack_post_was_ever_published":false,"footnotes":""},"class_list":["post-5","page","type-page","status-publish","hentry"],"jetpack_sharing_enabled":true,"jetpack_shortlink":"https:\/\/wp.me\/P3Xvnz-5","jetpack-related-posts":[{"id":2,"url":"http:\/\/www.tuootal.fi\/home\/about\/","url_meta":{"origin":5,"position":0},"title":"Meist\u00e4","author":"admin","date":"28.09.2013","format":false,"excerpt":"Tietotekniikkateollisuuden palveluksessa jo vuosia. Jotain on matkan varrella tarttunut ja sen takia tapan aikaa kommentoiden alan ilmi\u00f6it\u00e4.\u00a0Kaikki mielipiteet ovat omiamme. \u00a0 \u00a0","rel":"","context":"Similar post","block_context":{"text":"Similar post","link":""},"img":{"alt_text":"","src":"","width":0,"height":0},"classes":[]},{"id":273,"url":"http:\/\/www.tuootal.fi\/home\/lisaa-luettavaa\/","url_meta":{"origin":5,"position":1},"title":"Lis\u00e4\u00e4 luettavaa&#8230;","author":"Tuootal","date":"14.01.2015","format":false,"excerpt":"Outi Lammin ker\u00e4\u00e4m\u00e4 suomalaista tietoty\u00f6t\u00e4 k\u00e4sittelev\u00e4 blogilista. McKinsey on Business Technology","rel":"","context":"Similar post","block_context":{"text":"Similar post","link":""},"img":{"alt_text":"","src":"","width":0,"height":0},"classes":[]}],"_links":{"self":[{"href":"http:\/\/www.tuootal.fi\/home\/wp-json\/wp\/v2\/pages\/5","targetHints":{"allow":["GET"]}}],"collection":[{"href":"http:\/\/www.tuootal.fi\/home\/wp-json\/wp\/v2\/pages"}],"about":[{"href":"http:\/\/www.tuootal.fi\/home\/wp-json\/wp\/v2\/types\/page"}],"author":[{"embeddable":true,"href":"http:\/\/www.tuootal.fi\/home\/wp-json\/wp\/v2\/users\/1"}],"replies":[{"embeddable":true,"href":"http:\/\/www.tuootal.fi\/home\/wp-json\/wp\/v2\/comments?post=5"}],"version-history":[{"count":21,"href":"http:\/\/www.tuootal.fi\/home\/wp-json\/wp\/v2\/pages\/5\/revisions"}],"predecessor-version":[{"id":434,"href":"http:\/\/www.tuootal.fi\/home\/wp-json\/wp\/v2\/pages\/5\/revisions\/434"}],"wp:attachment":[{"href":"http:\/\/www.tuootal.fi\/home\/wp-json\/wp\/v2\/media?parent=5"}],"curies":[{"name":"wp","href":"https:\/\/api.w.org\/{rel}","templated":true}]}}